{"id":2181,"date":"2024-09-02T10:29:00","date_gmt":"2024-09-02T08:29:00","guid":{"rendered":"https:\/\/www.floralpoursuite-mlm.com\/?page_id=2181"},"modified":"2025-09-02T13:15:50","modified_gmt":"2025-09-02T11:15:50","slug":"fin","status":"publish","type":"page","link":"https:\/\/www.floralpoursuite-mlm.com\/","title":{"rendered":"Le jeu est termin\u00e9 !"},"content":{"rendered":"\t\t<div data-elementor-type=\"wp-page\" data-elementor-id=\"2181\" class=\"elementor elementor-2181\">\n\t\t\t\t<div class=\"elementor-element elementor-element-87383bf e-flex e-con-boxed e-con e-parent\" data-id=\"87383bf\" data-element_type=\"container\" data-settings=\"{&quot;content_width&quot;:&quot;boxed&quot;}\" data-core-v316-plus=\"true\">\n\t\t\t\t\t<div class=\"e-con-inner\">\n\t\t\t\t<div class=\"elementor-element elementor-element-9f306ae flex-horizontal-align-default flex-horizontal-align-tablet-default flex-horizontal-align-mobile-default flex-vertical-align-default flex-vertical-align-tablet-default flex-vertical-align-mobile-default elementor-widget elementor-widget-thegem-styledimage\" data-id=\"9f306ae\" data-element_type=\"widget\" data-settings=\"{&quot;image&quot;:{&quot;url&quot;:&quot;https:\\\/\\\/www.floralpoursuite-mlm.com\\\/wp-content\\\/uploads\\\/2024\\\/04\\\/logo-floral-poursuite.png&quot;,&quot;id&quot;:18,&quot;size&quot;:&quot;&quot;,&quot;alt&quot;:&quot;&quot;,&quot;source&quot;:&quot;library&quot;},&quot;thegem_elementor_preset&quot;:&quot;default&quot;}\" data-widget_type=\"thegem-styledimage.default\">\n\t\t\t\t<div class=\"elementor-widget-container\">\n\t\t\t\n<div class=\"styled-image-wrapper\">\n\t\t<div class=\"centered-box gem-image-centered-box\">\n\t\t\t\t<div class=\"gem-image gem-wrapbox gem-wrapbox-default gem-wrapbox-position-centered lazy-loading \">\n\t\t\t<div class=\"gem-wrapbox-inner  lazy-loading-item\"  data-ll-effect=\"move-up\">\n\t\t\t\t\t\t\t\t\t<img decoding=\"async\" class=\"gem-wrapbox-element img-responsive \"\n\t\t\t\t\t\t src=\"https:\/\/www.floralpoursuite-mlm.com\/wp-content\/uploads\/elementor\/thumbs\/logo-floral-poursuite-qm7th9w88dse7bzpoyfa0h2b59bjbrq4uiloj77i6o.png\"\n\t\t\t\t\t\t alt=\"logo floral poursuite\">\n\t\t\t\t\t\t\t\t<\/div>\n\t\t<\/div>\n\t\t\t<\/div>\n<\/div>\n\n\n\t\n\t\t\t\t<\/div>\n\t\t\t\t<\/div>\n\t\t\t\t<div class=\"elementor-element elementor-element-2733ef8 flex-horizontal-align-default flex-horizontal-align-tablet-default flex-horizontal-align-mobile-default flex-vertical-align-default flex-vertical-align-tablet-default flex-vertical-align-mobile-default elementor-widget elementor-widget-text-editor\" data-id=\"2733ef8\" data-element_type=\"widget\" data-widget_type=\"text-editor.default\">\n\t\t\t\t<div class=\"elementor-widget-container\">\n\t\t\t<style>\/*! elementor - v3.19.0 - 07-02-2024 *\/\n.elementor-widget-text-editor.elementor-drop-cap-view-stacked .elementor-drop-cap{background-color:#69727d;color:#fff}.elementor-widget-text-editor.elementor-drop-cap-view-framed .elementor-drop-cap{color:#69727d;border:3px solid;background-color:transparent}.elementor-widget-text-editor:not(.elementor-drop-cap-view-default) .elementor-drop-cap{margin-top:8px}.elementor-widget-text-editor:not(.elementor-drop-cap-view-default) .elementor-drop-cap-letter{width:1em;height:1em}.elementor-widget-text-editor .elementor-drop-cap{float:left;text-align:center;line-height:1;font-size:50px}.elementor-widget-text-editor .elementor-drop-cap-letter{display:inline-block}<\/style>\t\t\t\t\t\t\t<div class=\"elementor-text-editor elementor-clearfix\">\r\n\t\t\t\t\t\t<h5 style=\"text-align: center;\"><span style=\"color: #ffffff;\"><strong>Le jeu est termin\u00e9 ! Merci pour vos participations<\/strong><\/span><\/h5><h5 style=\"text-align: center;\"><span style=\"color: #ffffff;\"><strong><br \/>Les gagnant-e-s recevront un mail pour r\u00e9cup\u00e9rer leur lot.<br \/><\/strong><\/span><\/h5>\t\t\t\t\t\t\t<\/div>\r\n\t\t\t\t\t\t\t\t<\/div>\n\t\t\t\t<\/div>\n\t\t\t\t<div class=\"elementor-element elementor-element-11bbe5e flex-horizontal-align-default flex-horizontal-align-tablet-default flex-horizontal-align-mobile-default flex-vertical-align-default flex-vertical-align-tablet-default flex-vertical-align-mobile-default elementor-widget elementor-widget-heading\" data-id=\"11bbe5e\" data-element_type=\"widget\" data-widget_type=\"heading.default\">\n\t\t\t\t<div class=\"elementor-widget-container\">\n\t\t\t<style>\/*! elementor - v3.19.0 - 07-02-2024 *\/\n.elementor-heading-title{padding:0;margin:0;line-height:1}.elementor-widget-heading .elementor-heading-title[class*=elementor-size-]>a{color:inherit;font-size:inherit;line-height:inherit}.elementor-widget-heading .elementor-heading-title.elementor-size-small{font-size:15px}.elementor-widget-heading .elementor-heading-title.elementor-size-medium{font-size:19px}.elementor-widget-heading .elementor-heading-title.elementor-size-large{font-size:29px}.elementor-widget-heading .elementor-heading-title.elementor-size-xl{font-size:39px}.elementor-widget-heading .elementor-heading-title.elementor-size-xxl{font-size:59px}<\/style><h3 class=\"elementor-heading-title elementor-size-default\">floral poursuite reviendra en 2026 !<\/h3>\t\t<\/div>\n\t\t\t\t<\/div>\n\t\t\t\t<div class=\"elementor-element elementor-element-94dec63 flex-horizontal-align-default flex-horizontal-align-tablet-default flex-horizontal-align-mobile-default flex-vertical-align-default flex-vertical-align-tablet-default flex-vertical-align-mobile-default elementor-widget elementor-widget-spacer\" data-id=\"94dec63\" data-element_type=\"widget\" data-widget_type=\"spacer.default\">\n\t\t\t\t<div class=\"elementor-widget-container\">\n\t\t\t<style>\/*! elementor - v3.19.0 - 07-02-2024 *\/\n.elementor-column .elementor-spacer-inner{height:var(--spacer-size)}.e-con{--container-widget-width:100%}.e-con-inner>.elementor-widget-spacer,.e-con>.elementor-widget-spacer{width:var(--container-widget-width,var(--spacer-size));--align-self:var(--container-widget-align-self,initial);--flex-shrink:0}.e-con-inner>.elementor-widget-spacer>.elementor-widget-container,.e-con>.elementor-widget-spacer>.elementor-widget-container{height:100%;width:100%}.e-con-inner>.elementor-widget-spacer>.elementor-widget-container>.elementor-spacer,.e-con>.elementor-widget-spacer>.elementor-widget-container>.elementor-spacer{height:100%}.e-con-inner>.elementor-widget-spacer>.elementor-widget-container>.elementor-spacer>.elementor-spacer-inner,.e-con>.elementor-widget-spacer>.elementor-widget-container>.elementor-spacer>.elementor-spacer-inner{height:var(--container-widget-height,var(--spacer-size))}.e-con-inner>.elementor-widget-spacer.elementor-widget-empty,.e-con>.elementor-widget-spacer.elementor-widget-empty{position:relative;min-height:22px;min-width:22px}.e-con-inner>.elementor-widget-spacer.elementor-widget-empty .elementor-widget-empty-icon,.e-con>.elementor-widget-spacer.elementor-widget-empty .elementor-widget-empty-icon{position:absolute;top:0;bottom:0;left:0;right:0;margin:auto;padding:0;width:22px;height:22px}<\/style>\t\t<div class=\"elementor-spacer\">\n\t\t\t<div class=\"elementor-spacer-inner\"><\/div>\n\t\t<\/div>\n\t\t\t\t<\/div>\n\t\t\t\t<\/div>\n\t\t\t\t\t<\/div>\n\t\t\t\t<\/div>\n\t\t\t\t<\/div>\n\t\t","protected":false},"excerpt":{"rendered":"<p>Le jeu est termin\u00e9 ! Merci pour vos participations Les gagnant-e-s recevront un mail pour r\u00e9cup\u00e9rer leur lot. floral poursuite&#8230;<\/p>\n","protected":false},"author":1,"featured_media":0,"parent":0,"menu_order":0,"comment_status":"closed","ping_status":"closed","template":"page-fullwidth.php","meta":{"footnotes":""},"class_list":["post-2181","page","type-page","status-publish"],"yoast_head":"<!-- This site is optimized with the Yoast SEO plugin v22.3 - https:\/\/yoast.com\/wordpress\/plugins\/seo\/ -->\n<title>Le jeu est termin\u00e9 ! - Floral Poursuite<\/title>\n<meta name=\"robots\" content=\"index, follow, max-snippet:-1, max-image-preview:large, max-video-preview:-1\" \/>\n<link rel=\"canonical\" href=\"https:\/\/www.floralpoursuite-mlm.com\/\" \/>\n<meta property=\"og:locale\" content=\"fr_FR\" \/>\n<meta property=\"og:type\" content=\"article\" \/>\n<meta property=\"og:title\" content=\"Le jeu est termin\u00e9 ! - Floral Poursuite\" \/>\n<meta property=\"og:description\" content=\"Le jeu est termin\u00e9 ! Merci pour vos participations Les gagnant-e-s recevront un mail pour r\u00e9cup\u00e9rer leur lot. floral poursuite...\" \/>\n<meta property=\"og:url\" content=\"https:\/\/www.floralpoursuite-mlm.com\/\" \/>\n<meta property=\"og:site_name\" content=\"Floral Poursuite\" \/>\n<meta property=\"article:modified_time\" content=\"2025-09-02T11:15:50+00:00\" \/>\n<meta name=\"twitter:card\" content=\"summary_large_image\" \/>\n<meta name=\"twitter:label1\" content=\"Dur\u00e9e de lecture estim\u00e9e\" \/>\n\t<meta name=\"twitter:data1\" content=\"1 minute\" \/>\n<script type=\"application\/ld+json\" class=\"yoast-schema-graph\">{\"@context\":\"https:\/\/schema.org\",\"@graph\":[{\"@type\":\"WebPage\",\"@id\":\"https:\/\/www.floralpoursuite-mlm.com\/\",\"url\":\"https:\/\/www.floralpoursuite-mlm.com\/\",\"name\":\"Le jeu est termin\u00e9 ! - Floral Poursuite\",\"isPartOf\":{\"@id\":\"https:\/\/www.floralpoursuite-mlm.com\/#website\"},\"datePublished\":\"2024-09-02T08:29:00+00:00\",\"dateModified\":\"2025-09-02T11:15:50+00:00\",\"breadcrumb\":{\"@id\":\"https:\/\/www.floralpoursuite-mlm.com\/#breadcrumb\"},\"inLanguage\":\"fr-FR\",\"potentialAction\":[{\"@type\":\"ReadAction\",\"target\":[\"https:\/\/www.floralpoursuite-mlm.com\/\"]}]},{\"@type\":\"BreadcrumbList\",\"@id\":\"https:\/\/www.floralpoursuite-mlm.com\/#breadcrumb\",\"itemListElement\":[{\"@type\":\"ListItem\",\"position\":1,\"name\":\"Accueil\",\"item\":\"https:\/\/www.floralpoursuite-mlm.com\/\"},{\"@type\":\"ListItem\",\"position\":2,\"name\":\"Le jeu est termin\u00e9 !\"}]},{\"@type\":\"WebSite\",\"@id\":\"https:\/\/www.floralpoursuite-mlm.com\/#website\",\"url\":\"https:\/\/www.floralpoursuite-mlm.com\/\",\"name\":\"Floral Poursuite\",\"description\":\"Votre nouveau jeu \u00e0 Montigny-l\u00e8s-Metz !\",\"potentialAction\":[{\"@type\":\"SearchAction\",\"target\":{\"@type\":\"EntryPoint\",\"urlTemplate\":\"https:\/\/www.floralpoursuite-mlm.com\/?s={search_term_string}\"},\"query-input\":\"required name=search_term_string\"}],\"inLanguage\":\"fr-FR\"}]}<\/script>\n<!-- \/ Yoast SEO plugin. -->","yoast_head_json":{"title":"Le jeu est termin\u00e9 ! - Floral Poursuite","robots":{"index":"index","follow":"follow","max-snippet":"max-snippet:-1","max-image-preview":"max-image-preview:large","max-video-preview":"max-video-preview:-1"},"canonical":"https:\/\/www.floralpoursuite-mlm.com\/","og_locale":"fr_FR","og_type":"article","og_title":"Le jeu est termin\u00e9 ! - Floral Poursuite","og_description":"Le jeu est termin\u00e9 ! Merci pour vos participations Les gagnant-e-s recevront un mail pour r\u00e9cup\u00e9rer leur lot. floral poursuite...","og_url":"https:\/\/www.floralpoursuite-mlm.com\/","og_site_name":"Floral Poursuite","article_modified_time":"2025-09-02T11:15:50+00:00","twitter_card":"summary_large_image","twitter_misc":{"Dur\u00e9e de lecture estim\u00e9e":"1 minute"},"schema":{"@context":"https:\/\/schema.org","@graph":[{"@type":"WebPage","@id":"https:\/\/www.floralpoursuite-mlm.com\/","url":"https:\/\/www.floralpoursuite-mlm.com\/","name":"Le jeu est termin\u00e9 ! - Floral Poursuite","isPartOf":{"@id":"https:\/\/www.floralpoursuite-mlm.com\/#website"},"datePublished":"2024-09-02T08:29:00+00:00","dateModified":"2025-09-02T11:15:50+00:00","breadcrumb":{"@id":"https:\/\/www.floralpoursuite-mlm.com\/#breadcrumb"},"inLanguage":"fr-FR","potentialAction":[{"@type":"ReadAction","target":["https:\/\/www.floralpoursuite-mlm.com\/"]}]},{"@type":"BreadcrumbList","@id":"https:\/\/www.floralpoursuite-mlm.com\/#breadcrumb","itemListElement":[{"@type":"ListItem","position":1,"name":"Accueil","item":"https:\/\/www.floralpoursuite-mlm.com\/"},{"@type":"ListItem","position":2,"name":"Le jeu est termin\u00e9 !"}]},{"@type":"WebSite","@id":"https:\/\/www.floralpoursuite-mlm.com\/#website","url":"https:\/\/www.floralpoursuite-mlm.com\/","name":"Floral Poursuite","description":"Votre nouveau jeu \u00e0 Montigny-l\u00e8s-Metz !","potentialAction":[{"@type":"SearchAction","target":{"@type":"EntryPoint","urlTemplate":"https:\/\/www.floralpoursuite-mlm.com\/?s={search_term_string}"},"query-input":"required name=search_term_string"}],"inLanguage":"fr-FR"}]}},"_links":{"self":[{"href":"https:\/\/www.floralpoursuite-mlm.com\/index.php\/wp-json\/wp\/v2\/pages\/2181","targetHints":{"allow":["GET"]}}],"collection":[{"href":"https:\/\/www.floralpoursuite-mlm.com\/index.php\/wp-json\/wp\/v2\/pages"}],"about":[{"href":"https:\/\/www.floralpoursuite-mlm.com\/index.php\/wp-json\/wp\/v2\/types\/page"}],"author":[{"embeddable":true,"href":"https:\/\/www.floralpoursuite-mlm.com\/index.php\/wp-json\/wp\/v2\/users\/1"}],"replies":[{"embeddable":true,"href":"https:\/\/www.floralpoursuite-mlm.com\/index.php\/wp-json\/wp\/v2\/comments?post=2181"}],"version-history":[{"count":14,"href":"https:\/\/www.floralpoursuite-mlm.com\/index.php\/wp-json\/wp\/v2\/pages\/2181\/revisions"}],"predecessor-version":[{"id":3107,"href":"https:\/\/www.floralpoursuite-mlm.com\/index.php\/wp-json\/wp\/v2\/pages\/2181\/revisions\/3107"}],"wp:attachment":[{"href":"https:\/\/www.floralpoursuite-mlm.com\/index.php\/wp-json\/wp\/v2\/media?parent=2181"}],"curies":[{"name":"wp","href":"https:\/\/api.w.org\/{rel}","templated":true}]}}